{"id":9,"date":"2023-11-23T01:57:02","date_gmt":"2023-11-23T01:57:02","guid":{"rendered":"https:\/\/cfecapital.mx\/blog\/"},"modified":"2024-02-14T14:20:30","modified_gmt":"2024-02-14T20:20:30","slug":"blog","status":"publish","type":"page","link":"https:\/\/cfecapital.com.mx\/en\/blog\/","title":{"rendered":"Blog"},"content":{"rendered":"","protected":false},"excerpt":{"rendered":"","protected":false},"author":1,"featured_media":0,"parent":0,"menu_order":0,"comment_status":"closed","ping_status":"closed","template":"","meta":{"footnotes":""},"class_list":["post-9","page","type-page","status-publish","hentry"],"yoast_head":"<!-- This site is optimized with the Yoast SEO plugin v26.7 - https:\/\/yoast.com\/wordpress\/plugins\/seo\/ -->\n<title>Aprende sobre la CFE FIBRA E e inversiones en nuestro blog.<\/title>\n<meta name=\"description\" content=\"Aprende m\u00e1s sobre tus inversiones y mantente informado de todas las actualizaciones de CFECapital a trav\u00e9s de nuestro portal de noticias. Suscr\u00edbete hoy.\" \/>\n<meta name=\"robots\" content=\"index, follow, max-snippet:-1, max-image-preview:large, max-video-preview:-1\" \/>\n<link rel=\"canonical\" href=\"https:\/\/cfecapital.com.mx\/en\/blog\/\" \/>\n<meta property=\"og:locale\" content=\"en_US\" \/>\n<meta property=\"og:type\" content=\"article\" \/>\n<meta property=\"og:title\" content=\"Aprende sobre la CFE FIBRA E e inversiones en nuestro blog.\" \/>\n<meta property=\"og:description\" content=\"Aprende m\u00e1s sobre tus inversiones y mantente informado de todas las actualizaciones de CFECapital a trav\u00e9s de nuestro portal de noticias. Suscr\u00edbete hoy.\" \/>\n<meta property=\"og:url\" content=\"https:\/\/cfecapital.com.mx\/en\/blog\/\" \/>\n<meta property=\"og:site_name\" content=\"CFE Capital\" \/>\n<meta property=\"article:modified_time\" content=\"2024-02-14T20:20:30+00:00\" \/>\n<meta property=\"og:image\" content=\"https:\/\/cfecapital.com.mx\/wp-content\/uploads\/2024\/02\/OpenGraphCFE.png\" \/>\n\t<meta property=\"og:image:width\" content=\"1200\" \/>\n\t<meta property=\"og:image:height\" content=\"630\" \/>\n\t<meta property=\"og:image:type\" content=\"image\/png\" \/>\n<meta name=\"twitter:card\" content=\"summary_large_image\" \/>\n<script type=\"application\/ld+json\" class=\"yoast-schema-graph\">{\"@context\":\"https:\/\/schema.org\",\"@graph\":[{\"@type\":\"WebPage\",\"@id\":\"https:\/\/cfecapital.com.mx\/blog\/\",\"url\":\"https:\/\/cfecapital.com.mx\/blog\/\",\"name\":\"Aprende sobre la CFE FIBRA E e inversiones en nuestro blog.\",\"isPartOf\":{\"@id\":\"https:\/\/cfecapital.com.mx\/#website\"},\"datePublished\":\"2023-11-23T01:57:02+00:00\",\"dateModified\":\"2024-02-14T20:20:30+00:00\",\"description\":\"Aprende m\u00e1s sobre tus inversiones y mantente informado de todas las actualizaciones de CFECapital a trav\u00e9s de nuestro portal de noticias. Suscr\u00edbete hoy.\",\"breadcrumb\":{\"@id\":\"https:\/\/cfecapital.com.mx\/blog\/#breadcrumb\"},\"inLanguage\":\"en-US\",\"potentialAction\":[{\"@type\":\"ReadAction\",\"target\":[\"https:\/\/cfecapital.com.mx\/blog\/\"]}]},{\"@type\":\"BreadcrumbList\",\"@id\":\"https:\/\/cfecapital.com.mx\/blog\/#breadcrumb\",\"itemListElement\":[{\"@type\":\"ListItem\",\"position\":1,\"name\":\"Inicio\",\"item\":\"https:\/\/cfecapital.com.mx\/en\/\"},{\"@type\":\"ListItem\",\"position\":2,\"name\":\"Blog\"}]},{\"@type\":\"WebSite\",\"@id\":\"https:\/\/cfecapital.com.mx\/#website\",\"url\":\"https:\/\/cfecapital.com.mx\/\",\"name\":\"CFE Capital\",\"description\":\"CFE Capital\",\"publisher\":{\"@id\":\"https:\/\/cfecapital.com.mx\/#organization\"},\"potentialAction\":[{\"@type\":\"SearchAction\",\"target\":{\"@type\":\"EntryPoint\",\"urlTemplate\":\"https:\/\/cfecapital.com.mx\/?s={search_term_string}\"},\"query-input\":{\"@type\":\"PropertyValueSpecification\",\"valueRequired\":true,\"valueName\":\"search_term_string\"}}],\"inLanguage\":\"en-US\"},{\"@type\":\"Organization\",\"@id\":\"https:\/\/cfecapital.com.mx\/#organization\",\"name\":\"CFE Capital\",\"url\":\"https:\/\/cfecapital.com.mx\/\",\"logo\":{\"@type\":\"ImageObject\",\"inLanguage\":\"en-US\",\"@id\":\"https:\/\/cfecapital.com.mx\/#\/schema\/logo\/image\/\",\"url\":\"https:\/\/cfecapital.mx\/wp-content\/uploads\/2023\/12\/cfecapital.jpg\",\"contentUrl\":\"https:\/\/cfecapital.mx\/wp-content\/uploads\/2023\/12\/cfecapital.jpg\",\"width\":631,\"height\":631,\"caption\":\"CFE Capital\"},\"image\":{\"@id\":\"https:\/\/cfecapital.com.mx\/#\/schema\/logo\/image\/\"}}]}<\/script>\n<!-- \/ Yoast SEO plugin. -->","yoast_head_json":{"title":"Learn about CFE FIBRA E and investments on our blog.","description":"Learn more about your investments and stay informed of all CFECapital updates through our news portal. Subscribe today.","robots":{"index":"index","follow":"follow","max-snippet":"max-snippet:-1","max-image-preview":"max-image-preview:large","max-video-preview":"max-video-preview:-1"},"canonical":"https:\/\/cfecapital.com.mx\/en\/blog\/","og_locale":"en_US","og_type":"article","og_title":"Aprende sobre la CFE FIBRA E e inversiones en nuestro blog.","og_description":"Aprende m\u00e1s sobre tus inversiones y mantente informado de todas las actualizaciones de CFECapital a trav\u00e9s de nuestro portal de noticias. Suscr\u00edbete hoy.","og_url":"https:\/\/cfecapital.com.mx\/en\/blog\/","og_site_name":"CFE Capital","article_modified_time":"2024-02-14T20:20:30+00:00","og_image":[{"width":1200,"height":630,"url":"https:\/\/cfecapital.com.mx\/wp-content\/uploads\/2024\/02\/OpenGraphCFE.png","type":"image\/png"}],"twitter_card":"summary_large_image","schema":{"@context":"https:\/\/schema.org","@graph":[{"@type":"WebPage","@id":"https:\/\/cfecapital.com.mx\/blog\/","url":"https:\/\/cfecapital.com.mx\/blog\/","name":"Learn about CFE FIBRA E and investments on our blog.","isPartOf":{"@id":"https:\/\/cfecapital.com.mx\/#website"},"datePublished":"2023-11-23T01:57:02+00:00","dateModified":"2024-02-14T20:20:30+00:00","description":"Learn more about your investments and stay informed of all CFECapital updates through our news portal. Subscribe today.","breadcrumb":{"@id":"https:\/\/cfecapital.com.mx\/blog\/#breadcrumb"},"inLanguage":"en-US","potentialAction":[{"@type":"ReadAction","target":["https:\/\/cfecapital.com.mx\/blog\/"]}]},{"@type":"BreadcrumbList","@id":"https:\/\/cfecapital.com.mx\/blog\/#breadcrumb","itemListElement":[{"@type":"ListItem","position":1,"name":"Inicio","item":"https:\/\/cfecapital.com.mx\/en\/"},{"@type":"ListItem","position":2,"name":"Blog"}]},{"@type":"WebSite","@id":"https:\/\/cfecapital.com.mx\/#website","url":"https:\/\/cfecapital.com.mx\/","name":"CFECapital","description":"CFECapital","publisher":{"@id":"https:\/\/cfecapital.com.mx\/#organization"},"potentialAction":[{"@type":"SearchAction","target":{"@type":"EntryPoint","urlTemplate":"https:\/\/cfecapital.com.mx\/?s={search_term_string}"},"query-input":{"@type":"PropertyValueSpecification","valueRequired":true,"valueName":"search_term_string"}}],"inLanguage":"en-US"},{"@type":"Organization","@id":"https:\/\/cfecapital.com.mx\/#organization","name":"CFECapital","url":"https:\/\/cfecapital.com.mx\/","logo":{"@type":"ImageObject","inLanguage":"en-US","@id":"https:\/\/cfecapital.com.mx\/#\/schema\/logo\/image\/","url":"https:\/\/cfecapital.mx\/wp-content\/uploads\/2023\/12\/cfecapital.jpg","contentUrl":"https:\/\/cfecapital.mx\/wp-content\/uploads\/2023\/12\/cfecapital.jpg","width":631,"height":631,"caption":"CFE Capital"},"image":{"@id":"https:\/\/cfecapital.com.mx\/#\/schema\/logo\/image\/"}}]}},"_links":{"self":[{"href":"https:\/\/cfecapital.com.mx\/en\/wp-json\/wp\/v2\/pages\/9","targetHints":{"allow":["GET"]}}],"collection":[{"href":"https:\/\/cfecapital.com.mx\/en\/wp-json\/wp\/v2\/pages"}],"about":[{"href":"https:\/\/cfecapital.com.mx\/en\/wp-json\/wp\/v2\/types\/page"}],"author":[{"embeddable":true,"href":"https:\/\/cfecapital.com.mx\/en\/wp-json\/wp\/v2\/users\/1"}],"replies":[{"embeddable":true,"href":"https:\/\/cfecapital.com.mx\/en\/wp-json\/wp\/v2\/comments?post=9"}],"version-history":[{"count":1,"href":"https:\/\/cfecapital.com.mx\/en\/wp-json\/wp\/v2\/pages\/9\/revisions"}],"predecessor-version":[{"id":1572,"href":"https:\/\/cfecapital.com.mx\/en\/wp-json\/wp\/v2\/pages\/9\/revisions\/1572"}],"wp:attachment":[{"href":"https:\/\/cfecapital.com.mx\/en\/wp-json\/wp\/v2\/media?parent=9"}],"curies":[{"name":"wp","href":"https:\/\/api.w.org\/{rel}","templated":true}]}}