{"id":23,"date":"2023-11-23T01:57:04","date_gmt":"2023-11-23T01:57:04","guid":{"rendered":"https:\/\/cfecapital.mx\/politica-de-privacidad\/"},"modified":"2024-02-14T14:22:54","modified_gmt":"2024-02-14T20:22:54","slug":"privacy-policy-2","status":"publish","type":"page","link":"https:\/\/cfecapital.com.mx\/en\/privacy-policy-2\/","title":{"rendered":"Privacy Policy"},"content":{"rendered":"","protected":false},"excerpt":{"rendered":"","protected":false},"author":1,"featured_media":0,"parent":0,"menu_order":0,"comment_status":"closed","ping_status":"closed","template":"","meta":{"footnotes":""},"class_list":["post-23","page","type-page","status-publish","hentry"],"yoast_head":"<!-- This site is optimized with the Yoast SEO plugin v26.7 - https:\/\/yoast.com\/wordpress\/plugins\/seo\/ -->\n<title>Conoce nuestro Aviso de Privacidad. CFECapital, M\u00e9xico.<\/title>\n<meta name=\"description\" content=\"Conoce la forma en la que utilizamos tus datos con nuestra Pol\u00edtica de Privacidad. Te aseguramos un cuidado \u00f3ptimo de tu informaci\u00f3n.\" \/>\n<meta name=\"robots\" content=\"index, follow, max-snippet:-1, max-image-preview:large, max-video-preview:-1\" \/>\n<link rel=\"canonical\" href=\"https:\/\/cfecapital.com.mx\/en\/privacy-policy-2\/\" \/>\n<meta property=\"og:locale\" content=\"en_US\" \/>\n<meta property=\"og:type\" content=\"article\" \/>\n<meta property=\"og:title\" content=\"Conoce nuestro Aviso de Privacidad. CFECapital, M\u00e9xico.\" \/>\n<meta property=\"og:description\" content=\"Conoce la forma en la que utilizamos tus datos con nuestra Pol\u00edtica de Privacidad. Te aseguramos un cuidado \u00f3ptimo de tu informaci\u00f3n.\" \/>\n<meta property=\"og:url\" content=\"https:\/\/cfecapital.com.mx\/en\/privacy-policy-2\/\" \/>\n<meta property=\"og:site_name\" content=\"CFE Capital\" \/>\n<meta property=\"article:modified_time\" content=\"2024-02-14T20:22:54+00:00\" \/>\n<meta property=\"og:image\" content=\"https:\/\/cfecapital.com.mx\/wp-content\/uploads\/2024\/02\/OpenGraphCFE.png\" \/>\n\t<meta property=\"og:image:width\" content=\"1200\" \/>\n\t<meta property=\"og:image:height\" content=\"630\" \/>\n\t<meta property=\"og:image:type\" content=\"image\/png\" \/>\n<meta name=\"twitter:card\" content=\"summary_large_image\" \/>\n<script type=\"application\/ld+json\" class=\"yoast-schema-graph\">{\"@context\":\"https:\/\/schema.org\",\"@graph\":[{\"@type\":\"WebPage\",\"@id\":\"https:\/\/cfecapital.com.mx\/politica-de-privacidad\/\",\"url\":\"https:\/\/cfecapital.com.mx\/politica-de-privacidad\/\",\"name\":\"Conoce nuestro Aviso de Privacidad. CFECapital, M\u00e9xico.\",\"isPartOf\":{\"@id\":\"https:\/\/cfecapital.com.mx\/#website\"},\"datePublished\":\"2023-11-23T01:57:04+00:00\",\"dateModified\":\"2024-02-14T20:22:54+00:00\",\"description\":\"Conoce la forma en la que utilizamos tus datos con nuestra Pol\u00edtica de Privacidad. Te aseguramos un cuidado \u00f3ptimo de tu informaci\u00f3n.\",\"breadcrumb\":{\"@id\":\"https:\/\/cfecapital.com.mx\/politica-de-privacidad\/#breadcrumb\"},\"inLanguage\":\"en-US\",\"potentialAction\":[{\"@type\":\"ReadAction\",\"target\":[\"https:\/\/cfecapital.com.mx\/politica-de-privacidad\/\"]}]},{\"@type\":\"BreadcrumbList\",\"@id\":\"https:\/\/cfecapital.com.mx\/politica-de-privacidad\/#breadcrumb\",\"itemListElement\":[{\"@type\":\"ListItem\",\"position\":1,\"name\":\"Inicio\",\"item\":\"https:\/\/cfecapital.com.mx\/en\/\"},{\"@type\":\"ListItem\",\"position\":2,\"name\":\"Pol\u00edtica de Privacidad\"}]},{\"@type\":\"WebSite\",\"@id\":\"https:\/\/cfecapital.com.mx\/#website\",\"url\":\"https:\/\/cfecapital.com.mx\/\",\"name\":\"CFE Capital\",\"description\":\"CFE Capital\",\"publisher\":{\"@id\":\"https:\/\/cfecapital.com.mx\/#organization\"},\"potentialAction\":[{\"@type\":\"SearchAction\",\"target\":{\"@type\":\"EntryPoint\",\"urlTemplate\":\"https:\/\/cfecapital.com.mx\/?s={search_term_string}\"},\"query-input\":{\"@type\":\"PropertyValueSpecification\",\"valueRequired\":true,\"valueName\":\"search_term_string\"}}],\"inLanguage\":\"en-US\"},{\"@type\":\"Organization\",\"@id\":\"https:\/\/cfecapital.com.mx\/#organization\",\"name\":\"CFE Capital\",\"url\":\"https:\/\/cfecapital.com.mx\/\",\"logo\":{\"@type\":\"ImageObject\",\"inLanguage\":\"en-US\",\"@id\":\"https:\/\/cfecapital.com.mx\/#\/schema\/logo\/image\/\",\"url\":\"https:\/\/cfecapital.mx\/wp-content\/uploads\/2023\/12\/cfecapital.jpg\",\"contentUrl\":\"https:\/\/cfecapital.mx\/wp-content\/uploads\/2023\/12\/cfecapital.jpg\",\"width\":631,\"height\":631,\"caption\":\"CFE Capital\"},\"image\":{\"@id\":\"https:\/\/cfecapital.com.mx\/#\/schema\/logo\/image\/\"}}]}<\/script>\n<!-- \/ Yoast SEO plugin. -->","yoast_head_json":{"title":"Learn about our Privacy Notice. CFECapital, Mexico.","description":"Learn how we use your data with our Privacy Policy. We assure you optimal care of your information.","robots":{"index":"index","follow":"follow","max-snippet":"max-snippet:-1","max-image-preview":"max-image-preview:large","max-video-preview":"max-video-preview:-1"},"canonical":"https:\/\/cfecapital.com.mx\/en\/privacy-policy-2\/","og_locale":"en_US","og_type":"article","og_title":"Conoce nuestro Aviso de Privacidad. CFECapital, M\u00e9xico.","og_description":"Conoce la forma en la que utilizamos tus datos con nuestra Pol\u00edtica de Privacidad. Te aseguramos un cuidado \u00f3ptimo de tu informaci\u00f3n.","og_url":"https:\/\/cfecapital.com.mx\/en\/privacy-policy-2\/","og_site_name":"CFE Capital","article_modified_time":"2024-02-14T20:22:54+00:00","og_image":[{"width":1200,"height":630,"url":"https:\/\/cfecapital.com.mx\/wp-content\/uploads\/2024\/02\/OpenGraphCFE.png","type":"image\/png"}],"twitter_card":"summary_large_image","schema":{"@context":"https:\/\/schema.org","@graph":[{"@type":"WebPage","@id":"https:\/\/cfecapital.com.mx\/politica-de-privacidad\/","url":"https:\/\/cfecapital.com.mx\/politica-de-privacidad\/","name":"Learn about our Privacy Notice. CFECapital, Mexico.","isPartOf":{"@id":"https:\/\/cfecapital.com.mx\/#website"},"datePublished":"2023-11-23T01:57:04+00:00","dateModified":"2024-02-14T20:22:54+00:00","description":"Learn how we use your data with our Privacy Policy. We assure you optimal care of your information.","breadcrumb":{"@id":"https:\/\/cfecapital.com.mx\/politica-de-privacidad\/#breadcrumb"},"inLanguage":"en-US","potentialAction":[{"@type":"ReadAction","target":["https:\/\/cfecapital.com.mx\/politica-de-privacidad\/"]}]},{"@type":"BreadcrumbList","@id":"https:\/\/cfecapital.com.mx\/politica-de-privacidad\/#breadcrumb","itemListElement":[{"@type":"ListItem","position":1,"name":"Inicio","item":"https:\/\/cfecapital.com.mx\/en\/"},{"@type":"ListItem","position":2,"name":"Pol\u00edtica de Privacidad"}]},{"@type":"WebSite","@id":"https:\/\/cfecapital.com.mx\/#website","url":"https:\/\/cfecapital.com.mx\/","name":"CFECapital","description":"CFECapital","publisher":{"@id":"https:\/\/cfecapital.com.mx\/#organization"},"potentialAction":[{"@type":"SearchAction","target":{"@type":"EntryPoint","urlTemplate":"https:\/\/cfecapital.com.mx\/?s={search_term_string}"},"query-input":{"@type":"PropertyValueSpecification","valueRequired":true,"valueName":"search_term_string"}}],"inLanguage":"en-US"},{"@type":"Organization","@id":"https:\/\/cfecapital.com.mx\/#organization","name":"CFECapital","url":"https:\/\/cfecapital.com.mx\/","logo":{"@type":"ImageObject","inLanguage":"en-US","@id":"https:\/\/cfecapital.com.mx\/#\/schema\/logo\/image\/","url":"https:\/\/cfecapital.mx\/wp-content\/uploads\/2023\/12\/cfecapital.jpg","contentUrl":"https:\/\/cfecapital.mx\/wp-content\/uploads\/2023\/12\/cfecapital.jpg","width":631,"height":631,"caption":"CFE Capital"},"image":{"@id":"https:\/\/cfecapital.com.mx\/#\/schema\/logo\/image\/"}}]}},"_links":{"self":[{"href":"https:\/\/cfecapital.com.mx\/en\/wp-json\/wp\/v2\/pages\/23","targetHints":{"allow":["GET"]}}],"collection":[{"href":"https:\/\/cfecapital.com.mx\/en\/wp-json\/wp\/v2\/pages"}],"about":[{"href":"https:\/\/cfecapital.com.mx\/en\/wp-json\/wp\/v2\/types\/page"}],"author":[{"embeddable":true,"href":"https:\/\/cfecapital.com.mx\/en\/wp-json\/wp\/v2\/users\/1"}],"replies":[{"embeddable":true,"href":"https:\/\/cfecapital.com.mx\/en\/wp-json\/wp\/v2\/comments?post=23"}],"version-history":[{"count":1,"href":"https:\/\/cfecapital.com.mx\/en\/wp-json\/wp\/v2\/pages\/23\/revisions"}],"predecessor-version":[{"id":1575,"href":"https:\/\/cfecapital.com.mx\/en\/wp-json\/wp\/v2\/pages\/23\/revisions\/1575"}],"wp:attachment":[{"href":"https:\/\/cfecapital.com.mx\/en\/wp-json\/wp\/v2\/media?parent=23"}],"curies":[{"name":"wp","href":"https:\/\/api.w.org\/{rel}","templated":true}]}}